{"id":1814,"date":"2018-07-20T14:34:42","date_gmt":"2018-07-20T14:34:42","guid":{"rendered":"https:\/\/sportsnahrung.ch\/home-basketball\/"},"modified":"2023-06-12T08:16:38","modified_gmt":"2023-06-12T08:16:38","slug":"home-basketball","status":"publish","type":"page","link":"https:\/\/sportsnahrung.ch\/it\/","title":{"rendered":"Home"},"content":{"rendered":"<p>[vc_row padding_top=&#8221;none&#8221; padding_bottom=&#8221;none&#8221; margin=&#8221;none&#8221; bgc=&#8221;light&#8221; fullw=&#8221;true&#8221; skew=&#8221;true&#8221; padding=&#8221;none&#8221;][vc_column][starstories_skew_slider slider_size=&#8221;size-l&#8221; slide_number=&#8221;true&#8221; slide_arrows=&#8221;true&#8221;][starstories_slider_skew_img bg_image=&#8221;1976&#8243; v_align=&#8221;bottom&#8221; v_align_title=&#8221;top&#8221; title=&#8221;F\u00fcr Erfolg.&#8221;]Sportsnahrung.ch ist die Plattform f\u00fcr Nahrungserg\u00e4nzungsmittel, welche zu Deinem Erfolg beitragen.[\/starstories_slider_skew_img][starstories_slider_skew_cta bg_image=&#8221;1952&#8243; v_align=&#8221;top&#8221; title=&#8221;F\u00fcr Erfolg.&#8221; h_align_cta=&#8221;center&#8221;]<\/p>\n<h2 style=\"text-align: center;\">Zum Shop<\/h2>\n<p style=\"text-align: center;\">Top Produkte. F\u00fcr Erfolg.<\/p>\n<p style=\"text-align: center;\">[starstories_button tinymce=&#8221;true&#8221; btn_style=&#8221;btn-dark&#8221; text_btn=&#8221;Einkaufen&#8221; url_btn=&#8221;https:\/\/be-forever.com\/ch\/?partner=sportsnahrung&#8221; fill=&#8221;true&#8221; fillcolor=&#8221;#ffffff&#8221; btn_arrow=&#8221;true&#8221;]<\/p>\n<p>[\/starstories_slider_skew_cta][starstories_slider_skew_img bg_image=&#8221;2118&#8243; v_align=&#8221;bottom&#8221; v_align_title=&#8221;top&#8221; title=&#8221;Body Check&#8221;]Finde jetzt deine neuen Lieblingsprodukte welche Deinen Bed\u00fcrfnissen entspricht. Mache den Test und entdecke Produkte, die auf dich und deinen sportlichen Lebensstil abgestimmt sind.<\/p>\n<p>&nbsp;<\/p>\n<p>Zum <a href=\"https:\/\/be-forever.com\/ch\/body-check?partner=sportsnahrung\">Body Check<\/a>[\/starstories_slider_skew_img][starstories_slider_skew_cta bg_image=&#8221;1943&#8243; v_align=&#8221;top&#8221; title=&#8221;F\u00fcr Erfolg.&#8221; h_align_cta=&#8221;center&#8221;]<\/p>\n<h2 style=\"text-align: center;\">Zum Shop<\/h2>\n<p style=\"text-align: center;\">Top Produkte. F\u00fcr Erfolg.<\/p>\n<p style=\"text-align: center;\">[starstories_button tinymce=&#8221;true&#8221; btn_style=&#8221;btn-dark&#8221; text_btn=&#8221;Einkaufen&#8221; url_btn=&#8221;https:\/\/be-forever.com\/ch\/?partner=sportsnahrung&#8221; fill=&#8221;true&#8221; fillcolor=&#8221;#ffffff&#8221; btn_arrow=&#8221;true&#8221;]<\/p>\n<p>[\/starstories_slider_skew_cta][\/starstories_skew_slider][\/vc_column][\/vc_row][vc_row padding_top=&#8221;big&#8221; padding_bottom=&#8221;big&#8221; margin=&#8221;none&#8221; bgc=&#8221;light&#8221; color_skew_top=&#8221;light&#8221; skew_top=&#8221;true&#8221; skew_bottom=&#8221;true&#8221; triangles=&#8221;both&#8221; triangles_pos=&#8221;bottom&#8221; triangle_right_color=&#8221;dark&#8221; skew=&#8221;true&#8221; padding=&#8221;big&#8221; big_rotate_title=&#8221;\u00dcber uns&#8221;][vc_column css_animation=&#8221;fadeIn&#8221; width=&#8221;1\/2&#8243; css=&#8221;.vc_custom_1552648045003{padding-right: 20px !important;}&#8221;][starstories_title title=&#8221;\u00dcber sportsnahrung.ch&#8221; level=&#8221;h2&#8243; line_pos=&#8221;up&#8221; line_color=&#8221;dark&#8221; css_animation=&#8221;none&#8221;][vc_column_text css_animation=&#8221;none&#8221;]Sportsnahrung.ch bietet Dir ausw\u00e4hlte Nahrungs- und Nahrungserg\u00e4nzungsmittel f\u00fcr Deinen Erfolg. Schnellere Erholung, mehr Leistung und Ausdauer kann durch die passenden Nahrungsmittel und Techniken optimiert werden. Jedoch kann Nahrung nicht ein Training ersetzen. Erfolgt kommt vom &#8220;Doing&#8221; aber mit unseren Produkten f\u00e4llt es leichter. F\u00fcr Erfolg.<\/p>\n<p>Finde das passende Produkt f\u00fcr Deinen Bedarf, im pers\u00f6nlichen Body Check.[\/vc_column_text][vc_empty_space height=&#8221;42px&#8221;][starstories_button text_btn=&#8221;Zum Body Check&#8221; url_btn=&#8221;https:\/\/be-forever.com\/ch\/body-check?partner=sportsnahrung&#8221; css_animation=&#8221;none&#8221; btn_arrow=&#8221;true&#8221;][\/vc_column][vc_column width=&#8221;1\/2&#8243;][vc_empty_space el_class=&#8221;d-block- d-sm-none&#8221;][vc_row_inner][vc_column_inner width=&#8221;1\/3&#8243; offset=&#8221;vc_col-xs-4&#8243;][starstories_counter text_pos=&#8221;down&#8221; count_image=&#8221;675&#8243; count_animate=&#8221;true&#8221; count_val=&#8221;1350&#8243; count_txt=&#8221;Kunden&#8221;][\/vc_column_inner][vc_column_inner width=&#8221;1\/3&#8243; offset=&#8221;vc_col-xs-4&#8243;][starstories_counter text_pos=&#8221;down&#8221; count_image=&#8221;674&#8243; count_animate=&#8221;true&#8221; count_val=&#8221;15&#8243; count_txt=&#8221;Medaillen 2022&#8243;][\/vc_column_inner][vc_column_inner width=&#8221;1\/3&#8243; offset=&#8221;vc_col-xs-4&#8243;][starstories_counter text_pos=&#8221;down&#8221; count_image=&#8221;676&#8243; count_animate=&#8221;true&#8221; count_val=&#8221;+900&#8243; count_txt=&#8221;Video Views&#8221;][\/vc_column_inner][\/vc_row_inner][\/vc_column][\/vc_row][vc_row padding_top=&#8221;medium&#8221; padding_bottom=&#8221;medium&#8221; margin=&#8221;none&#8221; css_animation=&#8221;none&#8221; padding=&#8221;medium&#8221;][vc_column][starstories_title title=&#8221;Aktuelle Beitr\u00e4ge&#8221; level=&#8221;h2&#8243; size=&#8221;h2&#8243; txt_aligment=&#8221;text-center&#8221; color=&#8221;dark&#8221; line_pos=&#8221;down&#8221; css_animation=&#8221;fadeInDown&#8221; center=&#8221;true&#8221;][starstories_cards_list css_animation=&#8221;fadeIn&#8221;][starstories_card_link bg_image=&#8221;1856&#8243; icon_type=&#8221;ionicons&#8221; ico_color=&#8221;primary&#8221; title=&#8221;Alle Artikel&#8221; icon_ionicons=&#8221;icon ion-social-instagram&#8221; url=&#8221;https:\/\/sportsnahrung.ch\/category\/news\/&#8221; subtitle=&#8221;Blog&#8221;][starstories_card_link bg_image=&#8221;2048&#8243; icon_type=&#8221;ionicons&#8221; ico_color=&#8221;primary&#8221; title=&#8221;Body Check&#8221; icon_ionicons=&#8221;icon ion-pizza&#8221; url=&#8221;https:\/\/be-forever.com\/ch\/body-check?partner=sportsnahrung&#8221; subtitle=&#8221;Welcher Ern\u00e4hrungstype bist Du?&#8221;][starstories_card_link bg_image=&#8221;2015&#8243; link_type=&#8221;cat&#8221; icon_type=&#8221;ionicons&#8221; ico_color=&#8221;primary&#8221; title=&#8221;Training&#8221; category=&#8221;Training&#8221; icon_ionicons=&#8221;icon ion-android-bicycle&#8221;][starstories_card_link bg_image=&#8221;1958&#8243; link_type=&#8221;cat&#8221; icon_type=&#8221;ionicons&#8221; ico_color=&#8221;primary&#8221; title=&#8221;Wettkampf&#8221; category=&#8221;Wettkampf&#8221; icon_ionicons=&#8221;icon ion-chatbubble-working&#8221;][starstories_card_link bg_image=&#8221;1979&#8243; link_type=&#8221;cat&#8221; icon_type=&#8221;ionicons&#8221; ico_color=&#8221;primary&#8221; title=&#8221;Nahrungserg\u00e4nzung&#8221; icon_ionicons=&#8221;icon ion-android-star&#8221; category=&#8221;Nahrungserg\u00e4nzung&#8221;][\/starstories_cards_list][\/vc_column][\/vc_row][vc_row padding_top=&#8221;medium&#8221; padding_bottom=&#8221;medium&#8221; margin=&#8221;none&#8221; padding=&#8221;medium&#8221;][vc_column][starstories_title title=&#8221;Aktuelles&#8221; level=&#8221;h2&#8243; size=&#8221;h2&#8243; txt_aligment=&#8221;text-center&#8221; color=&#8221;dark&#8221; line_pos=&#8221;down&#8221; css_animation=&#8221;fadeInDown&#8221; center=&#8221;true&#8221;][starstories_post_grid max_items=&#8221;15&#8243; css_animation=&#8221;fadeIn&#8221;][vc_empty_space height=&#8221;2.5rem&#8221;][starstories_button text_btn=&#8221;Alle News sehen&#8221; url_btn=&#8221;https:\/\/sportsnahrung.ch\/category\/news\/&#8221; h_align=&#8221;center&#8221; btn_arrow=&#8221;true&#8221;][\/vc_column][\/vc_row][vc_row padding_bottom=&#8221;medium&#8221; margin=&#8221;none&#8221; padding=&#8221;medium&#8221;][vc_column][starstories_title title=&#8221;Posts im Karusell&#8221; level=&#8221;h2&#8243; size=&#8221;h3&#8243; color=&#8221;dark&#8221; line_pos=&#8221;left&#8221; css_animation=&#8221;fadeInDown&#8221;][vc_empty_space height=&#8221;10px&#8221;][starstories_post_carousel max_items=&#8221;10&#8243; css_animation=&#8221;fadeIn&#8221; post_type=&#8221;post&#8221; taxonomies=&#8221;news, nahrungsergaenzung&#8221;][\/vc_column][\/vc_row][vc_row padding_top=&#8221;big&#8221; padding_bottom=&#8221;big&#8221; parallax=&#8221;content-moving&#8221; parallax_image=&#8221;1123&#8243; skew_top=&#8221;true&#8221; skew_bottom=&#8221;true&#8221; skew=&#8221;true&#8221; padding=&#8221;big&#8221;][vc_column width=&#8221;1\/6&#8243;][\/vc_column][vc_column width=&#8221;4\/6&#8243;][vc_icon type=&#8221;iconmonstr&#8221; color=&#8221;custom&#8221; size=&#8221;xl&#8221; align=&#8221;center&#8221; css_animation=&#8221;fadeInDown&#8221; icon_iconmonstr=&#8221;im im-quote-right&#8221; custom_color=&#8221;#fcc83f&#8221;][vc_empty_space height=&#8221;10px&#8221;][starstories_title title=&#8221;Kundenmeinungen&#8221; level=&#8221;h3&#8243; size=&#8221;h2&#8243; txt_aligment=&#8221;text-center&#8221; color=&#8221;light&#8221; line_pos=&#8221;down&#8221; css_animation=&#8221;fadeInUp&#8221;][vc_column_text css_animation=&#8221;fadeInUp&#8221;]<\/p>\n<blockquote class=\"text-center\"><p><span style=\"color: white;\">Gutes Proteinpulver, geschmacklich gut und nicht zu s\u00fcss. Gute geschmeidige Konsistenz.<br \/>\nSandra S., Niederlenz<\/span><\/p><\/blockquote>\n<p>[\/vc_column_text][vc_column_text css_animation=&#8221;fadeInUp&#8221;]<\/p>\n<blockquote class=\"text-center\"><p><span style=\"color: white;\">Es gibt keinen besseren Protein -Shake.<br \/>\nEr schmeckt einfach nur wahnsinnig gut und l\u00e4sst sich auch mit andren Shakes kombinieren.<br \/>\nIch gebe immer was in mein M\u00fcsli<br \/>\nUlli S., Bern<\/span><\/p><\/blockquote>\n<p>[\/vc_column_text][\/vc_column][vc_column width=&#8221;1\/6&#8243;][\/vc_column][\/vc_row][vc_row padding_top=&#8221;medium&#8221; margin=&#8221;none&#8221; triangles=&#8221;right&#8221; skew=&#8221;true&#8221; padding=&#8221;medium&#8221;][vc_column css_animation=&#8221;fadeInLeft&#8221; width=&#8221;5\/12&#8243;][starstories_title title=&#8221;Besondere Artikel&#8221; level=&#8221;h3&#8243; size=&#8221;h3&#8243; color=&#8221;dark&#8221; line_pos=&#8221;left&#8221;][vc_empty_space height=&#8221;10px&#8221;][starstories_featured_post post_id=&#8221;1894&#8243;][vc_empty_space height=&#8221;40px&#8221; el_class=&#8221;d-block d-sm-none&#8221;][\/vc_column][vc_column css_animation=&#8221;fadeInRight&#8221; width=&#8221;7\/12&#8243;][starstories_title title=&#8221;Aktuelle Posts&#8221; level=&#8221;h2&#8243; size=&#8221;h3&#8243; color=&#8221;dark&#8221; line_pos=&#8221;left&#8221;][vc_empty_space height=&#8221;10px&#8221;][starstories_post_magazine max_items=&#8221;3&#8243; post_type=&#8221;post&#8221; taxonomies=&#8221;game-recap, news&#8221;][\/vc_column][\/vc_row][vc_row padding_top=&#8221;medium&#8221; padding_bottom=&#8221;big&#8221; margin=&#8221;none&#8221; css_animation=&#8221;none&#8221; padding=&#8221;medium&#8221;][vc_column][starstories_title title=&#8221;Unsere Partner&#8221; level=&#8221;h2&#8243; size=&#8221;h3&#8243; color=&#8221;dark&#8221; line_pos=&#8221;left&#8221; css_animation=&#8221;fadeInDown&#8221;][vc_row_inner][vc_column_inner width=&#8221;2\/3&#8243;][vc_single_image image=&#8221;2126&#8243; img_size=&#8221;medium&#8221; onclick=&#8221;custom_link&#8221; css_animation=&#8221;fadeIn&#8221; img_link_target=&#8221;_blank&#8221; link=&#8221;https:\/\/www.skillatics.ch\/&#8221; title=&#8221;Neuroatheltik Spezialist&#8221;][\/vc_column_inner][vc_column_inner width=&#8221;1\/3&#8243;][vc_single_image image=&#8221;1844&#8243; onclick=&#8221;custom_link&#8221; css_animation=&#8221;fadeIn&#8221; link=&#8221;https:\/\/be-forever.com\/ch\/?partner=sportsnahrung&#8221; title=&#8221;Produkte Partner&#8221;][\/vc_column_inner][\/vc_row_inner][\/vc_column][\/vc_row][vc_row padding_top=&#8221;medium&#8221; padding_bottom=&#8221;big&#8221; margin=&#8221;none&#8221; bgc=&#8221;light&#8221; css_animation=&#8221;none&#8221; padding=&#8221;big&#8221; el_id=&#8221;scroll-section&#8221;][vc_column css=&#8221;.vc_custom_1542902508834{margin-bottom: 0px !important;}&#8221;][starstories_title title=&#8221;Themen&#8221; level=&#8221;h2&#8243; size=&#8221;h2&#8243; txt_aligment=&#8221;text-center&#8221; color=&#8221;dark&#8221; line_pos=&#8221;down&#8221; css_animation=&#8221;fadeIn&#8221; center=&#8221;true&#8221;][vc_empty_space height=&#8221;15px&#8221;][\/vc_column][vc_column css_animation=&#8221;fadeInUp&#8221; width=&#8221;1\/2&#8243;][starstories_big_link bg_image=&#8221;2015&#8243; link_type=&#8221;cat&#8221; css_animation=&#8221;none&#8221; title=&#8221;Training&#8221; category=&#8221;Training&#8221;][\/vc_column][vc_column css_animation=&#8221;fadeInUp&#8221; width=&#8221;1\/2&#8243;][starstories_big_link bg_image=&#8221;1958&#8243; link_type=&#8221;cat&#8221; css_animation=&#8221;none&#8221; title=&#8221;Wettkampf&#8221; category=&#8221;Wettkampf&#8221;][\/vc_column][vc_column css_animation=&#8221;fadeInUp&#8221; width=&#8221;1\/2&#8243;][starstories_big_link bg_image=&#8221;1979&#8243; link_type=&#8221;cat&#8221; css_animation=&#8221;none&#8221; title=&#8221;Nahrungserg\u00e4nzung&#8221; category=&#8221;Nahrungserg\u00e4nzung&#8221;][\/vc_column][vc_column css_animation=&#8221;fadeInUp&#8221; width=&#8221;1\/2&#8243;][starstories_big_link bg_image=&#8221;2048&#8243; css_animation=&#8221;none&#8221; title=&#8221;Body Check&#8221; url=&#8221;https:\/\/be-forever.com\/ch\/body-check?partner=sportsnahrung&#8221;][\/vc_column][\/vc_row][vc_row padding_top=&#8221;medium&#8221; margin=&#8221;none&#8221; bgc=&#8221;primary&#8221; css_animation=&#8221;fadeIn&#8221; big_rotate_title=&#8221;Aktuell&#8221; el_class=&#8221;last-section&#8221;][vc_column css_animation=&#8221;fadeInLeft&#8221; width=&#8221;1\/3&#8243; offset=&#8221;vc_hidden-xs&#8221;][vc_single_image image=&#8221;1837&#8243; img_size=&#8221;300 x 566&#8243; alignment=&#8221;center&#8221; css=&#8221;.vc_custom_1676327909594{margin-top: 25px !important;margin-bottom: -300px !important;}&#8221;][\/vc_column][vc_column width=&#8221;2\/3&#8243; css=&#8221;.vc_custom_1551177345677{margin-bottom: 0px !important;}&#8221;][vc_empty_space height=&#8221;3rem&#8221;][starstories_title title=&#8221;Der Liebling der Kunden: ARGI+&#8221; level=&#8221;h2&#8243; size=&#8221;h3&#8243; color=&#8221;dark&#8221; css_animation=&#8221;none&#8221; subtitle=&#8221;L-Arginin-Pulver mit Vitaminen. Di\u00e4tetisches Lebensmittel \u2013 ideal f\u00fcr Sportler und aktive Menschen. Deckt 100 Prozent des Tagesbedarfs an Vitamin C, D, B6, B12 und Fols\u00e4ure&#8221;][vc_empty_space height=&#8221;22px&#8221;][starstories_button text_btn=&#8221;Jetzt einkaufen&#8221; url_btn=&#8221;https:\/\/sportsnahrung.ch\/L-Arginin-Pulver-produkt&#8221; css_animation=&#8221;none&#8221; fill=&#8221;true&#8221; btn_arrow=&#8221;true&#8221; fillcolor=&#8221;#ffffff&#8221;][\/vc_column][\/vc_row]<\/p>\n","protected":false},"excerpt":{"rendered":"<p>[vc_row padding_top=&#8221;none&#8221; padding_bottom=&#8221;none&#8221; margin=&#8221;none&#8221; bgc=&#8221;light&#8221; fullw=&#8221;true&#8221; skew=&#8221;true&#8221; padding=&#8221;none&#8221;][vc_column][starstories_skew_slider slider_size=&#8221;size-l&#8221; slide_number=&#8221;true&#8221; slide_arrows=&#8221;true&#8221;][starstories_slider_skew_img bg_image=&#8221;1976&#8243; v_align=&#8221;bottom&#8221; v_align_title=&#8221;top&#8221; title=&#8221;F\u00fcr Erfolg.&#8221;]Sportsnahrung.ch ist die Plattform f\u00fcr Nahrungserg\u00e4nzungsmittel, welche zu Deinem Erfolg beitragen.[\/starstories_slider_skew_img][starstories_slider_skew_cta bg_image=&#8221;1952&#8243; v_align=&#8221;top&#8221; title=&#8221;F\u00fcr Erfolg.&#8221; h_align_cta=&#8221;center&#8221;] Zum Shop Top Produkte. F\u00fcr Erfolg. [starstories_button tinymce=&#8221;true&#8221; btn_style=&#8221;btn-dark&#8221; text_btn=&#8221;Einkaufen&#8221; url_btn=&#8221;https:\/\/be-forever.com\/ch\/?partner=sportsnahrung&#8221; fill=&#8221;true&#8221; fillcolor=&#8221;#ffffff&#8221; btn_arrow=&#8221;true&#8221;] [\/starstories_slider_skew_cta][starstories_slider_skew_img bg_image=&#8221;2118&#8243; v_align=&#8221;bottom&#8221; v_align_title=&#8221;top&#8221; title=&#8221;Body Check&#8221;]Finde jetzt deine neuen Lieblingsprodukte [&hellip;]<\/p>\n","protected":false},"author":1,"featured_media":0,"parent":0,"menu_order":0,"comment_status":"closed","ping_status":"closed","template":"","meta":{"footnotes":""},"class_list":["post-1814","page","type-page","status-publish","hentry"],"yoast_head":"<!-- This site is optimized with the Yoast SEO plugin v20.1 - https:\/\/yoast.com\/wordpress\/plugins\/seo\/ -->\n<title>Home - Sports Nahrung<\/title>\n<meta name=\"description\" content=\"Sportsnahrung bietet viel Know How rund um die Ern\u00e4hrung im Sport. Ihr Erfolg ist unser Antrieb. Sport Nahrung. F\u00fcr Erfolg.\" \/>\n<meta name=\"robots\" content=\"index, follow, max-snippet:-1, max-image-preview:large, max-video-preview:-1\" \/>\n<link rel=\"canonical\" href=\"https:\/\/sportsnahrung.ch\/it\/\" \/>\n<meta property=\"og:locale\" content=\"it_IT\" \/>\n<meta property=\"og:type\" content=\"article\" \/>\n<meta property=\"og:title\" content=\"Home - Sports Nahrung\" \/>\n<meta property=\"og:description\" content=\"Sportsnahrung bietet viel Know How rund um die Ern\u00e4hrung im Sport. Ihr Erfolg ist unser Antrieb. Sport Nahrung. F\u00fcr Erfolg.\" \/>\n<meta property=\"og:url\" content=\"https:\/\/sportsnahrung.ch\/it\/\" \/>\n<meta property=\"og:site_name\" content=\"Sports Nahrung\" \/>\n<meta property=\"article:modified_time\" content=\"2023-06-12T08:16:38+00:00\" \/>\n<meta name=\"twitter:card\" content=\"summary_large_image\" \/>\n<meta name=\"twitter:label1\" content=\"Tempo di lettura stimato\" \/>\n\t<meta name=\"twitter:data1\" content=\"3 minuti\" \/>\n<script type=\"application\/ld+json\" class=\"yoast-schema-graph\">{\"@context\":\"https:\/\/schema.org\",\"@graph\":[{\"@type\":\"WebPage\",\"@id\":\"https:\/\/sportsnahrung.ch\/it\/\",\"url\":\"https:\/\/sportsnahrung.ch\/it\/\",\"name\":\"Home - Sports Nahrung\",\"isPartOf\":{\"@id\":\"https:\/\/sportsnahrung.ch\/it\/#website\"},\"datePublished\":\"2018-07-20T14:34:42+00:00\",\"dateModified\":\"2023-06-12T08:16:38+00:00\",\"description\":\"Sportsnahrung bietet viel Know How rund um die Ern\u00e4hrung im Sport. Ihr Erfolg ist unser Antrieb. Sport Nahrung. F\u00fcr Erfolg.\",\"breadcrumb\":{\"@id\":\"https:\/\/sportsnahrung.ch\/it\/#breadcrumb\"},\"inLanguage\":\"it-IT\",\"potentialAction\":[{\"@type\":\"ReadAction\",\"target\":[\"https:\/\/sportsnahrung.ch\/it\/\"]}]},{\"@type\":\"BreadcrumbList\",\"@id\":\"https:\/\/sportsnahrung.ch\/it\/#breadcrumb\",\"itemListElement\":[{\"@type\":\"ListItem\",\"position\":1,\"name\":\"Home\",\"item\":\"https:\/\/sportsnahrung.ch\/it\/\"},{\"@type\":\"ListItem\",\"position\":2,\"name\":\"Home\"}]},{\"@type\":\"WebSite\",\"@id\":\"https:\/\/sportsnahrung.ch\/it\/#website\",\"url\":\"https:\/\/sportsnahrung.ch\/it\/\",\"name\":\"SportsNahrung.ch\",\"description\":\"\",\"publisher\":{\"@id\":\"https:\/\/sportsnahrung.ch\/it\/#organization\"},\"potentialAction\":[{\"@type\":\"SearchAction\",\"target\":{\"@type\":\"EntryPoint\",\"urlTemplate\":\"https:\/\/sportsnahrung.ch\/it\/?s={search_term_string}\"},\"query-input\":\"required name=search_term_string\"}],\"inLanguage\":\"it-IT\"},{\"@type\":\"Organization\",\"@id\":\"https:\/\/sportsnahrung.ch\/it\/#organization\",\"name\":\"Sports Nahrung\",\"url\":\"https:\/\/sportsnahrung.ch\/it\/\",\"logo\":{\"@type\":\"ImageObject\",\"inLanguage\":\"it-IT\",\"@id\":\"https:\/\/sportsnahrung.ch\/it\/#\/schema\/logo\/image\/\",\"url\":\"https:\/\/sportsnahrung.ch\/wp-content\/uploads\/2023\/06\/sportsnahrung-negativ.png\",\"contentUrl\":\"https:\/\/sportsnahrung.ch\/wp-content\/uploads\/2023\/06\/sportsnahrung-negativ.png\",\"width\":1000,\"height\":500,\"caption\":\"Sports Nahrung\"},\"image\":{\"@id\":\"https:\/\/sportsnahrung.ch\/it\/#\/schema\/logo\/image\/\"},\"sameAs\":[\"https:\/\/www.instagram.com\/sportsnahrung\/\"]}]}<\/script>\n<!-- \/ Yoast SEO plugin. -->","yoast_head_json":{"title":"Home - Sports Nahrung","description":"Sportsnahrung bietet viel Know How rund um die Ern\u00e4hrung im Sport. Ihr Erfolg ist unser Antrieb. Sport Nahrung. F\u00fcr Erfolg.","robots":{"index":"index","follow":"follow","max-snippet":"max-snippet:-1","max-image-preview":"max-image-preview:large","max-video-preview":"max-video-preview:-1"},"canonical":"https:\/\/sportsnahrung.ch\/it\/","og_locale":"it_IT","og_type":"article","og_title":"Home - Sports Nahrung","og_description":"Sportsnahrung bietet viel Know How rund um die Ern\u00e4hrung im Sport. Ihr Erfolg ist unser Antrieb. Sport Nahrung. F\u00fcr Erfolg.","og_url":"https:\/\/sportsnahrung.ch\/it\/","og_site_name":"Sports Nahrung","article_modified_time":"2023-06-12T08:16:38+00:00","twitter_card":"summary_large_image","twitter_misc":{"Tempo di lettura stimato":"3 minuti"},"schema":{"@context":"https:\/\/schema.org","@graph":[{"@type":"WebPage","@id":"https:\/\/sportsnahrung.ch\/it\/","url":"https:\/\/sportsnahrung.ch\/it\/","name":"Home - Sports Nahrung","isPartOf":{"@id":"https:\/\/sportsnahrung.ch\/it\/#website"},"datePublished":"2018-07-20T14:34:42+00:00","dateModified":"2023-06-12T08:16:38+00:00","description":"Sportsnahrung bietet viel Know How rund um die Ern\u00e4hrung im Sport. Ihr Erfolg ist unser Antrieb. Sport Nahrung. F\u00fcr Erfolg.","breadcrumb":{"@id":"https:\/\/sportsnahrung.ch\/it\/#breadcrumb"},"inLanguage":"it-IT","potentialAction":[{"@type":"ReadAction","target":["https:\/\/sportsnahrung.ch\/it\/"]}]},{"@type":"BreadcrumbList","@id":"https:\/\/sportsnahrung.ch\/it\/#breadcrumb","itemListElement":[{"@type":"ListItem","position":1,"name":"Home","item":"https:\/\/sportsnahrung.ch\/it\/"},{"@type":"ListItem","position":2,"name":"Home"}]},{"@type":"WebSite","@id":"https:\/\/sportsnahrung.ch\/it\/#website","url":"https:\/\/sportsnahrung.ch\/it\/","name":"SportsNahrung.ch","description":"","publisher":{"@id":"https:\/\/sportsnahrung.ch\/it\/#organization"},"potentialAction":[{"@type":"SearchAction","target":{"@type":"EntryPoint","urlTemplate":"https:\/\/sportsnahrung.ch\/it\/?s={search_term_string}"},"query-input":"required name=search_term_string"}],"inLanguage":"it-IT"},{"@type":"Organization","@id":"https:\/\/sportsnahrung.ch\/it\/#organization","name":"Sports Nahrung","url":"https:\/\/sportsnahrung.ch\/it\/","logo":{"@type":"ImageObject","inLanguage":"it-IT","@id":"https:\/\/sportsnahrung.ch\/it\/#\/schema\/logo\/image\/","url":"https:\/\/sportsnahrung.ch\/wp-content\/uploads\/2023\/06\/sportsnahrung-negativ.png","contentUrl":"https:\/\/sportsnahrung.ch\/wp-content\/uploads\/2023\/06\/sportsnahrung-negativ.png","width":1000,"height":500,"caption":"Sports Nahrung"},"image":{"@id":"https:\/\/sportsnahrung.ch\/it\/#\/schema\/logo\/image\/"},"sameAs":["https:\/\/www.instagram.com\/sportsnahrung\/"]}]}},"jetpack_sharing_enabled":true,"_links":{"self":[{"href":"https:\/\/sportsnahrung.ch\/it\/wp-json\/wp\/v2\/pages\/1814","targetHints":{"allow":["GET"]}}],"collection":[{"href":"https:\/\/sportsnahrung.ch\/it\/wp-json\/wp\/v2\/pages"}],"about":[{"href":"https:\/\/sportsnahrung.ch\/it\/wp-json\/wp\/v2\/types\/page"}],"author":[{"embeddable":true,"href":"https:\/\/sportsnahrung.ch\/it\/wp-json\/wp\/v2\/users\/1"}],"replies":[{"embeddable":true,"href":"https:\/\/sportsnahrung.ch\/it\/wp-json\/wp\/v2\/comments?post=1814"}],"version-history":[{"count":25,"href":"https:\/\/sportsnahrung.ch\/it\/wp-json\/wp\/v2\/pages\/1814\/revisions"}],"predecessor-version":[{"id":2236,"href":"https:\/\/sportsnahrung.ch\/it\/wp-json\/wp\/v2\/pages\/1814\/revisions\/2236"}],"wp:attachment":[{"href":"https:\/\/sportsnahrung.ch\/it\/wp-json\/wp\/v2\/media?parent=1814"}],"curies":[{"name":"wp","href":"https:\/\/api.w.org\/{rel}","templated":true}]}}