{"id":1813,"date":"2018-07-20T14:34:42","date_gmt":"2018-07-20T14:34:42","guid":{"rendered":"https:\/\/sportsnahrung.ch\/home-basketball\/"},"modified":"2023-06-12T08:16:37","modified_gmt":"2023-06-12T08:16:37","slug":"home-basketball","status":"publish","type":"page","link":"https:\/\/sportsnahrung.ch\/fr\/","title":{"rendered":"Home"},"content":{"rendered":"<p>[vc_row padding_top=\u00a0\u00bbnone\u00a0\u00bb padding_bottom=\u00a0\u00bbnone\u00a0\u00bb margin=\u00a0\u00bbnone\u00a0\u00bb bgc=\u00a0\u00bblight\u00a0\u00bb fullw=\u00a0\u00bbtrue\u00a0\u00bb skew=\u00a0\u00bbtrue\u00a0\u00bb padding=\u00a0\u00bbnone\u00a0\u00bb][vc_column][starstories_skew_slider slider_size=\u00a0\u00bbsize-l\u00a0\u00bb slide_number=\u00a0\u00bbtrue\u00a0\u00bb slide_arrows=\u00a0\u00bbtrue\u00a0\u00bb][starstories_slider_skew_img bg_image=\u00a0\u00bb1976&Prime; v_align=\u00a0\u00bbbottom\u00a0\u00bb v_align_title=\u00a0\u00bbtop\u00a0\u00bb title=\u00a0\u00bbF\u00fcr Erfolg.\u00a0\u00bb]Sportsnahrung.ch ist die Plattform f\u00fcr Nahrungserg\u00e4nzungsmittel, welche zu Deinem Erfolg beitragen.[\/starstories_slider_skew_img][starstories_slider_skew_cta bg_image=\u00a0\u00bb1952&Prime; v_align=\u00a0\u00bbtop\u00a0\u00bb title=\u00a0\u00bbF\u00fcr Erfolg.\u00a0\u00bb h_align_cta=\u00a0\u00bbcenter\u00a0\u00bb]<\/p>\n<h2 style=\"text-align: center;\">Zum Shop<\/h2>\n<p style=\"text-align: center;\">Top Produkte. F\u00fcr Erfolg.<\/p>\n<p style=\"text-align: center;\">[starstories_button tinymce=\u00a0\u00bbtrue\u00a0\u00bb btn_style=\u00a0\u00bbbtn-dark\u00a0\u00bb text_btn=\u00a0\u00bbEinkaufen\u00a0\u00bb url_btn=\u00a0\u00bbhttps:\/\/be-forever.com\/ch\/?partner=sportsnahrung\u00a0\u00bb fill=\u00a0\u00bbtrue\u00a0\u00bb fillcolor=\u00a0\u00bb#ffffff\u00a0\u00bb btn_arrow=\u00a0\u00bbtrue\u00a0\u00bb]<\/p>\n<p>[\/starstories_slider_skew_cta][starstories_slider_skew_img bg_image=\u00a0\u00bb2118&Prime; v_align=\u00a0\u00bbbottom\u00a0\u00bb v_align_title=\u00a0\u00bbtop\u00a0\u00bb title=\u00a0\u00bbBody Check\u00a0\u00bb]Finde jetzt deine neuen Lieblingsprodukte welche Deinen Bed\u00fcrfnissen entspricht. Mache den Test und entdecke Produkte, die auf dich und deinen sportlichen Lebensstil abgestimmt sind.<\/p>\n<p>&nbsp;<\/p>\n<p>Zum <a href=\"https:\/\/be-forever.com\/ch\/body-check?partner=sportsnahrung\">Body Check<\/a>[\/starstories_slider_skew_img][starstories_slider_skew_cta bg_image=\u00a0\u00bb1943&Prime; v_align=\u00a0\u00bbtop\u00a0\u00bb title=\u00a0\u00bbF\u00fcr Erfolg.\u00a0\u00bb h_align_cta=\u00a0\u00bbcenter\u00a0\u00bb]<\/p>\n<h2 style=\"text-align: center;\">Zum Shop<\/h2>\n<p style=\"text-align: center;\">Top Produkte. F\u00fcr Erfolg.<\/p>\n<p style=\"text-align: center;\">[starstories_button tinymce=\u00a0\u00bbtrue\u00a0\u00bb btn_style=\u00a0\u00bbbtn-dark\u00a0\u00bb text_btn=\u00a0\u00bbEinkaufen\u00a0\u00bb url_btn=\u00a0\u00bbhttps:\/\/be-forever.com\/ch\/?partner=sportsnahrung\u00a0\u00bb fill=\u00a0\u00bbtrue\u00a0\u00bb fillcolor=\u00a0\u00bb#ffffff\u00a0\u00bb btn_arrow=\u00a0\u00bbtrue\u00a0\u00bb]<\/p>\n<p>[\/starstories_slider_skew_cta][\/starstories_skew_slider][\/vc_column][\/vc_row][vc_row padding_top=\u00a0\u00bbbig\u00a0\u00bb padding_bottom=\u00a0\u00bbbig\u00a0\u00bb margin=\u00a0\u00bbnone\u00a0\u00bb bgc=\u00a0\u00bblight\u00a0\u00bb color_skew_top=\u00a0\u00bblight\u00a0\u00bb skew_top=\u00a0\u00bbtrue\u00a0\u00bb skew_bottom=\u00a0\u00bbtrue\u00a0\u00bb triangles=\u00a0\u00bbboth\u00a0\u00bb triangles_pos=\u00a0\u00bbbottom\u00a0\u00bb triangle_right_color=\u00a0\u00bbdark\u00a0\u00bb skew=\u00a0\u00bbtrue\u00a0\u00bb padding=\u00a0\u00bbbig\u00a0\u00bb big_rotate_title=\u00a0\u00bb\u00dcber uns\u00a0\u00bb][vc_column css_animation=\u00a0\u00bbfadeIn\u00a0\u00bb width=\u00a0\u00bb1\/2&Prime; css=\u00a0\u00bb.vc_custom_1552648045003{padding-right: 20px !important;}\u00a0\u00bb][starstories_title title=\u00a0\u00bb\u00dcber sportsnahrung.ch\u00a0\u00bb level=\u00a0\u00bbh2&Prime; line_pos=\u00a0\u00bbup\u00a0\u00bb line_color=\u00a0\u00bbdark\u00a0\u00bb css_animation=\u00a0\u00bbnone\u00a0\u00bb][vc_column_text css_animation=\u00a0\u00bbnone\u00a0\u00bb]Sportsnahrung.ch bietet Dir ausw\u00e4hlte Nahrungs- und Nahrungserg\u00e4nzungsmittel f\u00fcr Deinen Erfolg. Schnellere Erholung, mehr Leistung und Ausdauer kann durch die passenden Nahrungsmittel und Techniken optimiert werden. Jedoch kann Nahrung nicht ein Training ersetzen. Erfolgt kommt vom \u00ab\u00a0Doing\u00a0\u00bb aber mit unseren Produkten f\u00e4llt es leichter. F\u00fcr Erfolg.<\/p>\n<p>Finde das passende Produkt f\u00fcr Deinen Bedarf, im pers\u00f6nlichen Body Check.[\/vc_column_text][vc_empty_space height=\u00a0\u00bb42px\u00a0\u00bb][starstories_button text_btn=\u00a0\u00bbZum Body Check\u00a0\u00bb url_btn=\u00a0\u00bbhttps:\/\/be-forever.com\/ch\/body-check?partner=sportsnahrung\u00a0\u00bb css_animation=\u00a0\u00bbnone\u00a0\u00bb btn_arrow=\u00a0\u00bbtrue\u00a0\u00bb][\/vc_column][vc_column width=\u00a0\u00bb1\/2&Prime;][vc_empty_space el_class=\u00a0\u00bbd-block- d-sm-none\u00a0\u00bb][vc_row_inner][vc_column_inner width=\u00a0\u00bb1\/3&Prime; offset=\u00a0\u00bbvc_col-xs-4&Prime;][starstories_counter text_pos=\u00a0\u00bbdown\u00a0\u00bb count_image=\u00a0\u00bb675&Prime; count_animate=\u00a0\u00bbtrue\u00a0\u00bb count_val=\u00a0\u00bb1350&Prime; count_txt=\u00a0\u00bbKunden\u00a0\u00bb][\/vc_column_inner][vc_column_inner width=\u00a0\u00bb1\/3&Prime; offset=\u00a0\u00bbvc_col-xs-4&Prime;][starstories_counter text_pos=\u00a0\u00bbdown\u00a0\u00bb count_image=\u00a0\u00bb674&Prime; count_animate=\u00a0\u00bbtrue\u00a0\u00bb count_val=\u00a0\u00bb15&Prime; count_txt=\u00a0\u00bbMedaillen 2022&Prime;][\/vc_column_inner][vc_column_inner width=\u00a0\u00bb1\/3&Prime; offset=\u00a0\u00bbvc_col-xs-4&Prime;][starstories_counter text_pos=\u00a0\u00bbdown\u00a0\u00bb count_image=\u00a0\u00bb676&Prime; count_animate=\u00a0\u00bbtrue\u00a0\u00bb count_val=\u00a0\u00bb+900&Prime; count_txt=\u00a0\u00bbVideo Views\u00a0\u00bb][\/vc_column_inner][\/vc_row_inner][\/vc_column][\/vc_row][vc_row padding_top=\u00a0\u00bbmedium\u00a0\u00bb padding_bottom=\u00a0\u00bbmedium\u00a0\u00bb margin=\u00a0\u00bbnone\u00a0\u00bb css_animation=\u00a0\u00bbnone\u00a0\u00bb padding=\u00a0\u00bbmedium\u00a0\u00bb][vc_column][starstories_title title=\u00a0\u00bbAktuelle Beitr\u00e4ge\u00a0\u00bb level=\u00a0\u00bbh2&Prime; size=\u00a0\u00bbh2&Prime; txt_aligment=\u00a0\u00bbtext-center\u00a0\u00bb color=\u00a0\u00bbdark\u00a0\u00bb line_pos=\u00a0\u00bbdown\u00a0\u00bb css_animation=\u00a0\u00bbfadeInDown\u00a0\u00bb center=\u00a0\u00bbtrue\u00a0\u00bb][starstories_cards_list css_animation=\u00a0\u00bbfadeIn\u00a0\u00bb][starstories_card_link bg_image=\u00a0\u00bb1856&Prime; icon_type=\u00a0\u00bbionicons\u00a0\u00bb ico_color=\u00a0\u00bbprimary\u00a0\u00bb title=\u00a0\u00bbAlle Artikel\u00a0\u00bb icon_ionicons=\u00a0\u00bbicon ion-social-instagram\u00a0\u00bb url=\u00a0\u00bbhttps:\/\/sportsnahrung.ch\/category\/news\/\u00a0\u00bb subtitle=\u00a0\u00bbBlog\u00a0\u00bb][starstories_card_link bg_image=\u00a0\u00bb2048&Prime; icon_type=\u00a0\u00bbionicons\u00a0\u00bb ico_color=\u00a0\u00bbprimary\u00a0\u00bb title=\u00a0\u00bbBody Check\u00a0\u00bb icon_ionicons=\u00a0\u00bbicon ion-pizza\u00a0\u00bb url=\u00a0\u00bbhttps:\/\/be-forever.com\/ch\/body-check?partner=sportsnahrung\u00a0\u00bb subtitle=\u00a0\u00bbWelcher Ern\u00e4hrungstype bist Du?\u00a0\u00bb][starstories_card_link bg_image=\u00a0\u00bb2015&Prime; link_type=\u00a0\u00bbcat\u00a0\u00bb icon_type=\u00a0\u00bbionicons\u00a0\u00bb ico_color=\u00a0\u00bbprimary\u00a0\u00bb title=\u00a0\u00bbTraining\u00a0\u00bb category=\u00a0\u00bbTraining\u00a0\u00bb icon_ionicons=\u00a0\u00bbicon ion-android-bicycle\u00a0\u00bb][starstories_card_link bg_image=\u00a0\u00bb1958&Prime; link_type=\u00a0\u00bbcat\u00a0\u00bb icon_type=\u00a0\u00bbionicons\u00a0\u00bb ico_color=\u00a0\u00bbprimary\u00a0\u00bb title=\u00a0\u00bbWettkampf\u00a0\u00bb category=\u00a0\u00bbWettkampf\u00a0\u00bb icon_ionicons=\u00a0\u00bbicon ion-chatbubble-working\u00a0\u00bb][starstories_card_link bg_image=\u00a0\u00bb1979&Prime; link_type=\u00a0\u00bbcat\u00a0\u00bb icon_type=\u00a0\u00bbionicons\u00a0\u00bb ico_color=\u00a0\u00bbprimary\u00a0\u00bb title=\u00a0\u00bbNahrungserg\u00e4nzung\u00a0\u00bb icon_ionicons=\u00a0\u00bbicon ion-android-star\u00a0\u00bb category=\u00a0\u00bbNahrungserg\u00e4nzung\u00a0\u00bb][\/starstories_cards_list][\/vc_column][\/vc_row][vc_row padding_top=\u00a0\u00bbmedium\u00a0\u00bb padding_bottom=\u00a0\u00bbmedium\u00a0\u00bb margin=\u00a0\u00bbnone\u00a0\u00bb padding=\u00a0\u00bbmedium\u00a0\u00bb][vc_column][starstories_title title=\u00a0\u00bbAktuelles\u00a0\u00bb level=\u00a0\u00bbh2&Prime; size=\u00a0\u00bbh2&Prime; txt_aligment=\u00a0\u00bbtext-center\u00a0\u00bb color=\u00a0\u00bbdark\u00a0\u00bb line_pos=\u00a0\u00bbdown\u00a0\u00bb css_animation=\u00a0\u00bbfadeInDown\u00a0\u00bb center=\u00a0\u00bbtrue\u00a0\u00bb][starstories_post_grid max_items=\u00a0\u00bb15&Prime; css_animation=\u00a0\u00bbfadeIn\u00a0\u00bb][vc_empty_space height=\u00a0\u00bb2.5rem\u00a0\u00bb][starstories_button text_btn=\u00a0\u00bbAlle News sehen\u00a0\u00bb url_btn=\u00a0\u00bbhttps:\/\/sportsnahrung.ch\/category\/news\/\u00a0\u00bb h_align=\u00a0\u00bbcenter\u00a0\u00bb btn_arrow=\u00a0\u00bbtrue\u00a0\u00bb][\/vc_column][\/vc_row][vc_row padding_bottom=\u00a0\u00bbmedium\u00a0\u00bb margin=\u00a0\u00bbnone\u00a0\u00bb padding=\u00a0\u00bbmedium\u00a0\u00bb][vc_column][starstories_title title=\u00a0\u00bbPosts im Karusell\u00a0\u00bb level=\u00a0\u00bbh2&Prime; size=\u00a0\u00bbh3&Prime; color=\u00a0\u00bbdark\u00a0\u00bb line_pos=\u00a0\u00bbleft\u00a0\u00bb css_animation=\u00a0\u00bbfadeInDown\u00a0\u00bb][vc_empty_space height=\u00a0\u00bb10px\u00a0\u00bb][starstories_post_carousel max_items=\u00a0\u00bb10&Prime; css_animation=\u00a0\u00bbfadeIn\u00a0\u00bb post_type=\u00a0\u00bbpost\u00a0\u00bb taxonomies=\u00a0\u00bbnews, nahrungsergaenzung\u00a0\u00bb][\/vc_column][\/vc_row][vc_row padding_top=\u00a0\u00bbbig\u00a0\u00bb padding_bottom=\u00a0\u00bbbig\u00a0\u00bb parallax=\u00a0\u00bbcontent-moving\u00a0\u00bb parallax_image=\u00a0\u00bb1123&Prime; skew_top=\u00a0\u00bbtrue\u00a0\u00bb skew_bottom=\u00a0\u00bbtrue\u00a0\u00bb skew=\u00a0\u00bbtrue\u00a0\u00bb padding=\u00a0\u00bbbig\u00a0\u00bb][vc_column width=\u00a0\u00bb1\/6&Prime;][\/vc_column][vc_column width=\u00a0\u00bb4\/6&Prime;][vc_icon type=\u00a0\u00bbiconmonstr\u00a0\u00bb color=\u00a0\u00bbcustom\u00a0\u00bb size=\u00a0\u00bbxl\u00a0\u00bb align=\u00a0\u00bbcenter\u00a0\u00bb css_animation=\u00a0\u00bbfadeInDown\u00a0\u00bb icon_iconmonstr=\u00a0\u00bbim im-quote-right\u00a0\u00bb custom_color=\u00a0\u00bb#fcc83f\u00a0\u00bb][vc_empty_space height=\u00a0\u00bb10px\u00a0\u00bb][starstories_title title=\u00a0\u00bbKundenmeinungen\u00a0\u00bb level=\u00a0\u00bbh3&Prime; size=\u00a0\u00bbh2&Prime; txt_aligment=\u00a0\u00bbtext-center\u00a0\u00bb color=\u00a0\u00bblight\u00a0\u00bb line_pos=\u00a0\u00bbdown\u00a0\u00bb css_animation=\u00a0\u00bbfadeInUp\u00a0\u00bb][vc_column_text css_animation=\u00a0\u00bbfadeInUp\u00a0\u00bb]<\/p>\n<blockquote class=\"text-center\"><p><span style=\"color: white;\">Gutes Proteinpulver, geschmacklich gut und nicht zu s\u00fcss. Gute geschmeidige Konsistenz.<br \/>\nSandra S., Niederlenz<\/span><\/p><\/blockquote>\n<p>[\/vc_column_text][vc_column_text css_animation=\u00a0\u00bbfadeInUp\u00a0\u00bb]<\/p>\n<blockquote class=\"text-center\"><p><span style=\"color: white;\">Es gibt keinen besseren Protein -Shake.<br \/>\nEr schmeckt einfach nur wahnsinnig gut und l\u00e4sst sich auch mit andren Shakes kombinieren.<br \/>\nIch gebe immer was in mein M\u00fcsli<br \/>\nUlli S., Bern<\/span><\/p><\/blockquote>\n<p>[\/vc_column_text][\/vc_column][vc_column width=\u00a0\u00bb1\/6&Prime;][\/vc_column][\/vc_row][vc_row padding_top=\u00a0\u00bbmedium\u00a0\u00bb margin=\u00a0\u00bbnone\u00a0\u00bb triangles=\u00a0\u00bbright\u00a0\u00bb skew=\u00a0\u00bbtrue\u00a0\u00bb padding=\u00a0\u00bbmedium\u00a0\u00bb][vc_column css_animation=\u00a0\u00bbfadeInLeft\u00a0\u00bb width=\u00a0\u00bb5\/12&Prime;][starstories_title title=\u00a0\u00bbBesondere Artikel\u00a0\u00bb level=\u00a0\u00bbh3&Prime; size=\u00a0\u00bbh3&Prime; color=\u00a0\u00bbdark\u00a0\u00bb line_pos=\u00a0\u00bbleft\u00a0\u00bb][vc_empty_space height=\u00a0\u00bb10px\u00a0\u00bb][starstories_featured_post post_id=\u00a0\u00bb1894&Prime;][vc_empty_space height=\u00a0\u00bb40px\u00a0\u00bb el_class=\u00a0\u00bbd-block d-sm-none\u00a0\u00bb][\/vc_column][vc_column css_animation=\u00a0\u00bbfadeInRight\u00a0\u00bb width=\u00a0\u00bb7\/12&Prime;][starstories_title title=\u00a0\u00bbAktuelle Posts\u00a0\u00bb level=\u00a0\u00bbh2&Prime; size=\u00a0\u00bbh3&Prime; color=\u00a0\u00bbdark\u00a0\u00bb line_pos=\u00a0\u00bbleft\u00a0\u00bb][vc_empty_space height=\u00a0\u00bb10px\u00a0\u00bb][starstories_post_magazine max_items=\u00a0\u00bb3&Prime; post_type=\u00a0\u00bbpost\u00a0\u00bb taxonomies=\u00a0\u00bbgame-recap, news\u00a0\u00bb][\/vc_column][\/vc_row][vc_row padding_top=\u00a0\u00bbmedium\u00a0\u00bb padding_bottom=\u00a0\u00bbbig\u00a0\u00bb margin=\u00a0\u00bbnone\u00a0\u00bb css_animation=\u00a0\u00bbnone\u00a0\u00bb padding=\u00a0\u00bbmedium\u00a0\u00bb][vc_column][starstories_title title=\u00a0\u00bbUnsere Partner\u00a0\u00bb level=\u00a0\u00bbh2&Prime; size=\u00a0\u00bbh3&Prime; color=\u00a0\u00bbdark\u00a0\u00bb line_pos=\u00a0\u00bbleft\u00a0\u00bb css_animation=\u00a0\u00bbfadeInDown\u00a0\u00bb][vc_row_inner][vc_column_inner width=\u00a0\u00bb2\/3&Prime;][vc_single_image image=\u00a0\u00bb2126&Prime; img_size=\u00a0\u00bbmedium\u00a0\u00bb onclick=\u00a0\u00bbcustom_link\u00a0\u00bb css_animation=\u00a0\u00bbfadeIn\u00a0\u00bb img_link_target=\u00a0\u00bb_blank\u00a0\u00bb link=\u00a0\u00bbhttps:\/\/www.skillatics.ch\/\u00a0\u00bb title=\u00a0\u00bbNeuroatheltik Spezialist\u00a0\u00bb][\/vc_column_inner][vc_column_inner width=\u00a0\u00bb1\/3&Prime;][vc_single_image image=\u00a0\u00bb1844&Prime; onclick=\u00a0\u00bbcustom_link\u00a0\u00bb css_animation=\u00a0\u00bbfadeIn\u00a0\u00bb link=\u00a0\u00bbhttps:\/\/be-forever.com\/ch\/?partner=sportsnahrung\u00a0\u00bb title=\u00a0\u00bbProdukte Partner\u00a0\u00bb][\/vc_column_inner][\/vc_row_inner][\/vc_column][\/vc_row][vc_row padding_top=\u00a0\u00bbmedium\u00a0\u00bb padding_bottom=\u00a0\u00bbbig\u00a0\u00bb margin=\u00a0\u00bbnone\u00a0\u00bb bgc=\u00a0\u00bblight\u00a0\u00bb css_animation=\u00a0\u00bbnone\u00a0\u00bb padding=\u00a0\u00bbbig\u00a0\u00bb el_id=\u00a0\u00bbscroll-section\u00a0\u00bb][vc_column css=\u00a0\u00bb.vc_custom_1542902508834{margin-bottom: 0px !important;}\u00a0\u00bb][starstories_title title=\u00a0\u00bbThemen\u00a0\u00bb level=\u00a0\u00bbh2&Prime; size=\u00a0\u00bbh2&Prime; txt_aligment=\u00a0\u00bbtext-center\u00a0\u00bb color=\u00a0\u00bbdark\u00a0\u00bb line_pos=\u00a0\u00bbdown\u00a0\u00bb css_animation=\u00a0\u00bbfadeIn\u00a0\u00bb center=\u00a0\u00bbtrue\u00a0\u00bb][vc_empty_space height=\u00a0\u00bb15px\u00a0\u00bb][\/vc_column][vc_column css_animation=\u00a0\u00bbfadeInUp\u00a0\u00bb width=\u00a0\u00bb1\/2&Prime;][starstories_big_link bg_image=\u00a0\u00bb2015&Prime; link_type=\u00a0\u00bbcat\u00a0\u00bb css_animation=\u00a0\u00bbnone\u00a0\u00bb title=\u00a0\u00bbTraining\u00a0\u00bb category=\u00a0\u00bbTraining\u00a0\u00bb][\/vc_column][vc_column css_animation=\u00a0\u00bbfadeInUp\u00a0\u00bb width=\u00a0\u00bb1\/2&Prime;][starstories_big_link bg_image=\u00a0\u00bb1958&Prime; link_type=\u00a0\u00bbcat\u00a0\u00bb css_animation=\u00a0\u00bbnone\u00a0\u00bb title=\u00a0\u00bbWettkampf\u00a0\u00bb category=\u00a0\u00bbWettkampf\u00a0\u00bb][\/vc_column][vc_column css_animation=\u00a0\u00bbfadeInUp\u00a0\u00bb width=\u00a0\u00bb1\/2&Prime;][starstories_big_link bg_image=\u00a0\u00bb1979&Prime; link_type=\u00a0\u00bbcat\u00a0\u00bb css_animation=\u00a0\u00bbnone\u00a0\u00bb title=\u00a0\u00bbNahrungserg\u00e4nzung\u00a0\u00bb category=\u00a0\u00bbNahrungserg\u00e4nzung\u00a0\u00bb][\/vc_column][vc_column css_animation=\u00a0\u00bbfadeInUp\u00a0\u00bb width=\u00a0\u00bb1\/2&Prime;][starstories_big_link bg_image=\u00a0\u00bb2048&Prime; css_animation=\u00a0\u00bbnone\u00a0\u00bb title=\u00a0\u00bbBody Check\u00a0\u00bb url=\u00a0\u00bbhttps:\/\/be-forever.com\/ch\/body-check?partner=sportsnahrung\u00a0\u00bb][\/vc_column][\/vc_row][vc_row padding_top=\u00a0\u00bbmedium\u00a0\u00bb margin=\u00a0\u00bbnone\u00a0\u00bb bgc=\u00a0\u00bbprimary\u00a0\u00bb css_animation=\u00a0\u00bbfadeIn\u00a0\u00bb big_rotate_title=\u00a0\u00bbAktuell\u00a0\u00bb el_class=\u00a0\u00bblast-section\u00a0\u00bb][vc_column css_animation=\u00a0\u00bbfadeInLeft\u00a0\u00bb width=\u00a0\u00bb1\/3&Prime; offset=\u00a0\u00bbvc_hidden-xs\u00a0\u00bb][vc_single_image image=\u00a0\u00bb1837&Prime; img_size=\u00a0\u00bb300 x 566&Prime; alignment=\u00a0\u00bbcenter\u00a0\u00bb css=\u00a0\u00bb.vc_custom_1676327909594{margin-top: 25px !important;margin-bottom: -300px !important;}\u00a0\u00bb][\/vc_column][vc_column width=\u00a0\u00bb2\/3&Prime; css=\u00a0\u00bb.vc_custom_1551177345677{margin-bottom: 0px !important;}\u00a0\u00bb][vc_empty_space height=\u00a0\u00bb3rem\u00a0\u00bb][starstories_title title=\u00a0\u00bbDer Liebling der Kunden: ARGI+\u00a0\u00bb level=\u00a0\u00bbh2&Prime; size=\u00a0\u00bbh3&Prime; color=\u00a0\u00bbdark\u00a0\u00bb css_animation=\u00a0\u00bbnone\u00a0\u00bb subtitle=\u00a0\u00bbL-Arginin-Pulver mit Vitaminen. Di\u00e4tetisches Lebensmittel \u2013 ideal f\u00fcr Sportler und aktive Menschen. Deckt 100 Prozent des Tagesbedarfs an Vitamin C, D, B6, B12 und Fols\u00e4ure\u00a0\u00bb][vc_empty_space height=\u00a0\u00bb22px\u00a0\u00bb][starstories_button text_btn=\u00a0\u00bbJetzt einkaufen\u00a0\u00bb url_btn=\u00a0\u00bbhttps:\/\/sportsnahrung.ch\/L-Arginin-Pulver-produkt\u00a0\u00bb css_animation=\u00a0\u00bbnone\u00a0\u00bb fill=\u00a0\u00bbtrue\u00a0\u00bb btn_arrow=\u00a0\u00bbtrue\u00a0\u00bb fillcolor=\u00a0\u00bb#ffffff\u00a0\u00bb][\/vc_column][\/vc_row]<\/p>\n","protected":false},"excerpt":{"rendered":"<p>[vc_row padding_top=\u00a0\u00bbnone\u00a0\u00bb padding_bottom=\u00a0\u00bbnone\u00a0\u00bb margin=\u00a0\u00bbnone\u00a0\u00bb bgc=\u00a0\u00bblight\u00a0\u00bb fullw=\u00a0\u00bbtrue\u00a0\u00bb skew=\u00a0\u00bbtrue\u00a0\u00bb padding=\u00a0\u00bbnone\u00a0\u00bb][vc_column][starstories_skew_slider slider_size=\u00a0\u00bbsize-l\u00a0\u00bb slide_number=\u00a0\u00bbtrue\u00a0\u00bb slide_arrows=\u00a0\u00bbtrue\u00a0\u00bb][starstories_slider_skew_img bg_image=\u00a0\u00bb1976&Prime; v_align=\u00a0\u00bbbottom\u00a0\u00bb v_align_title=\u00a0\u00bbtop\u00a0\u00bb title=\u00a0\u00bbF\u00fcr Erfolg.\u00a0\u00bb]Sportsnahrung.ch ist die Plattform f\u00fcr Nahrungserg\u00e4nzungsmittel, welche zu Deinem Erfolg beitragen.[\/starstories_slider_skew_img][starstories_slider_skew_cta bg_image=\u00a0\u00bb1952&Prime; v_align=\u00a0\u00bbtop\u00a0\u00bb title=\u00a0\u00bbF\u00fcr Erfolg.\u00a0\u00bb h_align_cta=\u00a0\u00bbcenter\u00a0\u00bb] Zum Shop Top Produkte. F\u00fcr Erfolg. [starstories_button tinymce=\u00a0\u00bbtrue\u00a0\u00bb btn_style=\u00a0\u00bbbtn-dark\u00a0\u00bb text_btn=\u00a0\u00bbEinkaufen\u00a0\u00bb url_btn=\u00a0\u00bbhttps:\/\/be-forever.com\/ch\/?partner=sportsnahrung\u00a0\u00bb fill=\u00a0\u00bbtrue\u00a0\u00bb fillcolor=\u00a0\u00bb#ffffff\u00a0\u00bb btn_arrow=\u00a0\u00bbtrue\u00a0\u00bb] [\/starstories_slider_skew_cta][starstories_slider_skew_img bg_image=\u00a0\u00bb2118&Prime; v_align=\u00a0\u00bbbottom\u00a0\u00bb v_align_title=\u00a0\u00bbtop\u00a0\u00bb title=\u00a0\u00bbBody Check\u00a0\u00bb]Finde jetzt deine neuen Lieblingsprodukte [&hellip;]<\/p>\n","protected":false},"author":1,"featured_media":0,"parent":0,"menu_order":0,"comment_status":"closed","ping_status":"closed","template":"","meta":{"footnotes":""},"class_list":["post-1813","page","type-page","status-publish","hentry"],"yoast_head":"<!-- This site is optimized with the Yoast SEO plugin v20.1 - https:\/\/yoast.com\/wordpress\/plugins\/seo\/ -->\n<title>Home - Sports Nahrung<\/title>\n<meta name=\"description\" content=\"Sportsnahrung bietet viel Know How rund um die Ern\u00e4hrung im Sport. Ihr Erfolg ist unser Antrieb. Sport Nahrung. F\u00fcr Erfolg.\" \/>\n<meta name=\"robots\" content=\"index, follow, max-snippet:-1, max-image-preview:large, max-video-preview:-1\" \/>\n<link rel=\"canonical\" href=\"https:\/\/sportsnahrung.ch\/fr\/\" \/>\n<meta property=\"og:locale\" content=\"fr_FR\" \/>\n<meta property=\"og:type\" content=\"article\" \/>\n<meta property=\"og:title\" content=\"Home - Sports Nahrung\" \/>\n<meta property=\"og:description\" content=\"Sportsnahrung bietet viel Know How rund um die Ern\u00e4hrung im Sport. Ihr Erfolg ist unser Antrieb. Sport Nahrung. F\u00fcr Erfolg.\" \/>\n<meta property=\"og:url\" content=\"https:\/\/sportsnahrung.ch\/fr\/\" \/>\n<meta property=\"og:site_name\" content=\"Sports Nahrung\" \/>\n<meta property=\"article:modified_time\" content=\"2023-06-12T08:16:37+00:00\" \/>\n<meta name=\"twitter:card\" content=\"summary_large_image\" \/>\n<meta name=\"twitter:label1\" content=\"Dur\u00e9e de lecture estim\u00e9e\" \/>\n\t<meta name=\"twitter:data1\" content=\"3 minutes\" \/>\n<script type=\"application\/ld+json\" class=\"yoast-schema-graph\">{\"@context\":\"https:\/\/schema.org\",\"@graph\":[{\"@type\":\"WebPage\",\"@id\":\"https:\/\/sportsnahrung.ch\/fr\/\",\"url\":\"https:\/\/sportsnahrung.ch\/fr\/\",\"name\":\"Home - Sports Nahrung\",\"isPartOf\":{\"@id\":\"https:\/\/sportsnahrung.ch\/fr\/#website\"},\"datePublished\":\"2018-07-20T14:34:42+00:00\",\"dateModified\":\"2023-06-12T08:16:37+00:00\",\"description\":\"Sportsnahrung bietet viel Know How rund um die Ern\u00e4hrung im Sport. Ihr Erfolg ist unser Antrieb. Sport Nahrung. F\u00fcr Erfolg.\",\"breadcrumb\":{\"@id\":\"https:\/\/sportsnahrung.ch\/fr\/#breadcrumb\"},\"inLanguage\":\"fr-FR\",\"potentialAction\":[{\"@type\":\"ReadAction\",\"target\":[\"https:\/\/sportsnahrung.ch\/fr\/\"]}]},{\"@type\":\"BreadcrumbList\",\"@id\":\"https:\/\/sportsnahrung.ch\/fr\/#breadcrumb\",\"itemListElement\":[{\"@type\":\"ListItem\",\"position\":1,\"name\":\"Home\",\"item\":\"https:\/\/sportsnahrung.ch\/fr\/\"},{\"@type\":\"ListItem\",\"position\":2,\"name\":\"Home\"}]},{\"@type\":\"WebSite\",\"@id\":\"https:\/\/sportsnahrung.ch\/fr\/#website\",\"url\":\"https:\/\/sportsnahrung.ch\/fr\/\",\"name\":\"SportsNahrung.ch\",\"description\":\"\",\"publisher\":{\"@id\":\"https:\/\/sportsnahrung.ch\/fr\/#organization\"},\"potentialAction\":[{\"@type\":\"SearchAction\",\"target\":{\"@type\":\"EntryPoint\",\"urlTemplate\":\"https:\/\/sportsnahrung.ch\/fr\/?s={search_term_string}\"},\"query-input\":\"required name=search_term_string\"}],\"inLanguage\":\"fr-FR\"},{\"@type\":\"Organization\",\"@id\":\"https:\/\/sportsnahrung.ch\/fr\/#organization\",\"name\":\"Sports Nahrung\",\"url\":\"https:\/\/sportsnahrung.ch\/fr\/\",\"logo\":{\"@type\":\"ImageObject\",\"inLanguage\":\"fr-FR\",\"@id\":\"https:\/\/sportsnahrung.ch\/fr\/#\/schema\/logo\/image\/\",\"url\":\"https:\/\/sportsnahrung.ch\/wp-content\/uploads\/2023\/06\/sportsnahrung-negativ.png\",\"contentUrl\":\"https:\/\/sportsnahrung.ch\/wp-content\/uploads\/2023\/06\/sportsnahrung-negativ.png\",\"width\":1000,\"height\":500,\"caption\":\"Sports Nahrung\"},\"image\":{\"@id\":\"https:\/\/sportsnahrung.ch\/fr\/#\/schema\/logo\/image\/\"},\"sameAs\":[\"https:\/\/www.instagram.com\/sportsnahrung\/\"]}]}<\/script>\n<!-- \/ Yoast SEO plugin. -->","yoast_head_json":{"title":"Home - Sports Nahrung","description":"Sportsnahrung bietet viel Know How rund um die Ern\u00e4hrung im Sport. Ihr Erfolg ist unser Antrieb. Sport Nahrung. F\u00fcr Erfolg.","robots":{"index":"index","follow":"follow","max-snippet":"max-snippet:-1","max-image-preview":"max-image-preview:large","max-video-preview":"max-video-preview:-1"},"canonical":"https:\/\/sportsnahrung.ch\/fr\/","og_locale":"fr_FR","og_type":"article","og_title":"Home - Sports Nahrung","og_description":"Sportsnahrung bietet viel Know How rund um die Ern\u00e4hrung im Sport. Ihr Erfolg ist unser Antrieb. Sport Nahrung. F\u00fcr Erfolg.","og_url":"https:\/\/sportsnahrung.ch\/fr\/","og_site_name":"Sports Nahrung","article_modified_time":"2023-06-12T08:16:37+00:00","twitter_card":"summary_large_image","twitter_misc":{"Dur\u00e9e de lecture estim\u00e9e":"3 minutes"},"schema":{"@context":"https:\/\/schema.org","@graph":[{"@type":"WebPage","@id":"https:\/\/sportsnahrung.ch\/fr\/","url":"https:\/\/sportsnahrung.ch\/fr\/","name":"Home - Sports Nahrung","isPartOf":{"@id":"https:\/\/sportsnahrung.ch\/fr\/#website"},"datePublished":"2018-07-20T14:34:42+00:00","dateModified":"2023-06-12T08:16:37+00:00","description":"Sportsnahrung bietet viel Know How rund um die Ern\u00e4hrung im Sport. Ihr Erfolg ist unser Antrieb. Sport Nahrung. F\u00fcr Erfolg.","breadcrumb":{"@id":"https:\/\/sportsnahrung.ch\/fr\/#breadcrumb"},"inLanguage":"fr-FR","potentialAction":[{"@type":"ReadAction","target":["https:\/\/sportsnahrung.ch\/fr\/"]}]},{"@type":"BreadcrumbList","@id":"https:\/\/sportsnahrung.ch\/fr\/#breadcrumb","itemListElement":[{"@type":"ListItem","position":1,"name":"Home","item":"https:\/\/sportsnahrung.ch\/fr\/"},{"@type":"ListItem","position":2,"name":"Home"}]},{"@type":"WebSite","@id":"https:\/\/sportsnahrung.ch\/fr\/#website","url":"https:\/\/sportsnahrung.ch\/fr\/","name":"SportsNahrung.ch","description":"","publisher":{"@id":"https:\/\/sportsnahrung.ch\/fr\/#organization"},"potentialAction":[{"@type":"SearchAction","target":{"@type":"EntryPoint","urlTemplate":"https:\/\/sportsnahrung.ch\/fr\/?s={search_term_string}"},"query-input":"required name=search_term_string"}],"inLanguage":"fr-FR"},{"@type":"Organization","@id":"https:\/\/sportsnahrung.ch\/fr\/#organization","name":"Sports Nahrung","url":"https:\/\/sportsnahrung.ch\/fr\/","logo":{"@type":"ImageObject","inLanguage":"fr-FR","@id":"https:\/\/sportsnahrung.ch\/fr\/#\/schema\/logo\/image\/","url":"https:\/\/sportsnahrung.ch\/wp-content\/uploads\/2023\/06\/sportsnahrung-negativ.png","contentUrl":"https:\/\/sportsnahrung.ch\/wp-content\/uploads\/2023\/06\/sportsnahrung-negativ.png","width":1000,"height":500,"caption":"Sports Nahrung"},"image":{"@id":"https:\/\/sportsnahrung.ch\/fr\/#\/schema\/logo\/image\/"},"sameAs":["https:\/\/www.instagram.com\/sportsnahrung\/"]}]}},"jetpack_sharing_enabled":true,"_links":{"self":[{"href":"https:\/\/sportsnahrung.ch\/fr\/wp-json\/wp\/v2\/pages\/1813","targetHints":{"allow":["GET"]}}],"collection":[{"href":"https:\/\/sportsnahrung.ch\/fr\/wp-json\/wp\/v2\/pages"}],"about":[{"href":"https:\/\/sportsnahrung.ch\/fr\/wp-json\/wp\/v2\/types\/page"}],"author":[{"embeddable":true,"href":"https:\/\/sportsnahrung.ch\/fr\/wp-json\/wp\/v2\/users\/1"}],"replies":[{"embeddable":true,"href":"https:\/\/sportsnahrung.ch\/fr\/wp-json\/wp\/v2\/comments?post=1813"}],"version-history":[{"count":25,"href":"https:\/\/sportsnahrung.ch\/fr\/wp-json\/wp\/v2\/pages\/1813\/revisions"}],"predecessor-version":[{"id":2235,"href":"https:\/\/sportsnahrung.ch\/fr\/wp-json\/wp\/v2\/pages\/1813\/revisions\/2235"}],"wp:attachment":[{"href":"https:\/\/sportsnahrung.ch\/fr\/wp-json\/wp\/v2\/media?parent=1813"}],"curies":[{"name":"wp","href":"https:\/\/api.w.org\/{rel}","templated":true}]}}